{"id":131,"date":"2026-03-09T17:41:55","date_gmt":"2026-03-09T17:41:55","guid":{"rendered":"https:\/\/gustavoalejandromercado.fpcei.eu\/?page_id=131"},"modified":"2026-03-09T18:17:20","modified_gmt":"2026-03-09T18:17:20","slug":"politica-de-privacidad","status":"publish","type":"page","link":"https:\/\/gustavoalejandromercado.fpcei.eu\/?page_id=131","title":{"rendered":"Pol\u00edtica de Privacidad"},"content":{"rendered":"\n<p><\/p>\n\n\n\n<p>En esta web, cuando use el formulario de contacto o se registre para comprar en nuestra tienda electr\u00f3nica recopilaremos datos sobre usted. Tomamos su privacidad muy en serio y recogeremos y procesaremos sus datos de una manera segura. Con el fin de garantizar su privacidad, siempre actuamos de acuerdo con el REGLAMENTO (UE) 2016\/679 del Parlamento Europeo y del Consejo de 27 de abril de 2016 y la Ley Org\u00e1nica 3\/2018, de 5 de diciembre, de Protecci\u00f3n de Datos Personales y Garant\u00eda de los Derechos Digitales.<\/p>\n\n\n\n<ol class=\"wp-block-list\">\n<li>\u00bfQui\u00e9n es el mundo de la astronomia S.L?<\/li>\n<\/ol>\n\n\n\n<p>El mundo de la astronomia S.L es una empresa privada con responsabilidad limitada, con CIF n\u00ba B73904601 con domicilio social en Calle mayor 25, 28013 Madrid La forma en que se utilizan sus datos ha sido comunicada a la Autoridad de Protecci\u00f3n de Datos de Espa\u00f1a.<\/p>\n\n\n\n<p>Nombre de dominio: gustavoalejandromercado.fpcei.eu <\/p>\n\n\n\n<p>En esta web se muestran los servicios de El mundo de la astronomia . Se convocan concursos y se hacen encuestas..<\/p>\n\n\n\n<ul class=\"wp-block-list\">\n<li>\u00bfQu\u00e9 datos recopila y procesa El mundo de la astronomia?<\/li>\n<\/ul>\n\n\n\n<p>El mundo de la astronomia recopila b\u00e1sicamente sus datos fiscales cuando se registra en nuestra tienda on line as\u00ed como su correo electr\u00f3nico cuando se subscribe a nuestra Newsletter.<\/p>\n\n\n\n<ul class=\"wp-block-list\">\n<li>\u00bfQu\u00e9 uso va a hacer El mundo de la astronomia con sus datos personales?<\/li>\n<\/ul>\n\n\n\n<p>El mundo de la astronomia recopila sus datos para las siguientes finalidades:<\/p>\n\n\n\n<p>Remisi\u00f3n de comunicaciones comerciales publicitarias por e-mail, fax, SMS, MMS, comunidades sociales o cualesquier otro medio electr\u00f3nico o f\u00edsico, presente o futuro, que posibilite realizar comunicaci\u00f3n comerciales. Dichas comunicaciones comerciales ser\u00e1n relacionadas sobre productos o servicios ofrecidos por el prestador, as\u00ed como por parte de los colaboradores o partners con los que \u00e9ste hubiera alcanzado alg\u00fan acuerdo de promoci\u00f3n comercial entre sus clientes. En este caso, los terceros nunca tendr\u00e1n acceso a los datos personales. En todo caso las comunicaciones comerciales ser\u00e1n realizadas por parte del prestador y ser\u00e1n de productos y servicios relacionados con el sector del prestador.<\/p>\n\n\n\n<p>El mundo de la astronomia le proporcionara la posibilidad de cancelar la suscripci\u00f3n de esta empresa en cada comunicaci\u00f3n que reciba de nuestra empresa.<\/p>\n\n\n\n<p>Tramitar encargos, solicitudes o cualquier tipo de petici\u00f3n que sea realizada por el usuario a trav\u00e9s de cualquiera de las formas de contacto que se ponen a disposici\u00f3n del usuario en el sitio web de la compa\u00f1\u00eda.<\/p>\n\n\n\n<p>Remitir el bolet\u00edn de noticias de la p\u00e1gina web.<\/p>\n\n\n\n<p>El prestador informa y garantiza expresamente a los usuarios que sus datos personales no ser\u00e1n cedidos en ning\u00fan caso a terceras compa\u00f1\u00edas, y que siempre que fuera a realizarse alg\u00fan tipo de cesi\u00f3n de datos personales, de forma previa, se solicitar\u00eda el consentimiento expreso, informado, e inequ\u00edvoco por parte de los titulares.<\/p>\n\n\n\n<p>Todos los datos solicitados a trav\u00e9s del sitio web son obligatorios, ya que son necesarios para la prestaci\u00f3n de un servicio \u00f3ptimo al usuario. En caso de que no sean facilitados todos los datos, el prestador no garantiza que la informaci\u00f3n y servicios facilitados sean completamente ajustados a sus necesidades.<\/p>\n\n\n\n<ul class=\"wp-block-list\">\n<li>\u00bfC\u00f3mo protege El mundo de la astronomia sus datos?<\/li>\n<\/ul>\n\n\n\n<p>El mundo de la astronomia toma medidas t\u00e9cnicas y organizativas apropiadas para proteger sus datos contra p\u00e9rdidas o cualquier forma de uso ilegal, tal y como se requiere en el REGLAMENTO (UE) 2016\/679 del Parlamento Europeo y del Consejo de 27 de abril de 2016 y la Ley Org\u00e1nica 3\/2018, de 5 de diciembre, de Protecci\u00f3n de Datos Personales y Garant\u00eda de los Derechos Digitales.<\/p>\n\n\n\n<ul class=\"wp-block-list\">\n<li>\u00bfC\u00f3mo puedo ejercer mis derechos de Acceso, Rectificaci\u00f3n, Limitaci\u00f3n del tratamiento, Supresi\u00f3n, Portabilidad y Olvido?<\/li>\n<\/ul>\n\n\n\n<p>Si desea saber qu\u00e9 datos hemos recopilado sobre usted o si desea cambiar o borrar datos, puede ir directamente a nuestra p\u00e1gina  <a href=\"https:\/\/gustavoalejandromercado.fpcei.eu\/?page_id=137\">https:\/\/gustavoalejandromercado.fpcei.eu\/?page_id=137<\/a> para ejercer los derechos \u00a0de Acceso, Rectificaci\u00f3n, Oposici\u00f3n, Cancelaci\u00f3n, Limitaci\u00f3n del tratamiento, portabilidad y olvido. Responderemos a su solicitud dentro de 30 d\u00edas naturales. Solicitaremos de usted, o de su representante legal, una identificaci\u00f3n para hacerlo efectivo.<\/p>\n\n\n\n<p>Ni\u00f1os<\/p>\n\n\n\n<p>Si usted cree que cualquier ni\u00f1o menor de 16 a\u00f1os nos ha proporcionado alg\u00fan dato, le rogamos que el padre o tutor de ese ni\u00f1o se comunique con nosotros para asegurarnos de que dichos datos sean eliminados de nuestros archivos.<\/p>\n\n\n\n<ul class=\"wp-block-list\">\n<li>Transferencia de datos a pa\u00edses fuera de la UE<\/li>\n<\/ul>\n\n\n\n<p>Por razones t\u00e9cnicas y operativas, puede ser necesario que sus datos sean transferidos a (los servidores de) empresas afiliadas a El mundo de la astronomia ubicadas en los Estados Unidos u otros pa\u00edses fuera de Europa. En caso de que El mundo de la astronomia decida transferir sus datos fuera de Europa, se le informar\u00e1 en primer lugar y siempre se solicitara a la empresa que recepcione los datos que cumpla con la normativa europea de protecci\u00f3n de datos, tal y como exige el Reglamento de protecci\u00f3n de datos, de no cumplir estas empresas con la legislaci\u00f3n europea, sus datos en ning\u00fan caso ser\u00e1n cedidos.<\/p>\n\n\n\n<ul class=\"wp-block-list\">\n<li>\u00bfQu\u00e9 son las cookies y c\u00f3mo las usamos?<\/li>\n<\/ul>\n\n\n\n<p>Al utilizar los servicios de esta web, se guardan varias cookies en su computadora, tableta o tel\u00e9fono m\u00f3vil (\u201cDispositivos\u201d), a las que se puede acceder. Las cookies son peque\u00f1as piezas de informaci\u00f3n (en forma de texto) que un servidor env\u00eda al navegador (como Internet Explorer o Firefox) con la intenci\u00f3n de que el navegador env\u00ede esta informaci\u00f3n al servidor la pr\u00f3xima vez que un usuario utilice la web.<\/p>\n\n\n\n<p>El mundo de la astronomia utiliza cookies t\u00e9cnicas y funcionales que son necesarias para ofrecer un servicio amigable, establecer una conexi\u00f3n o para obtener informaci\u00f3n sobre la calidad y eficiencia de nuestros servicios. Los sitios web o los servicios que visita cuando usa nuestra web, usan con mayor frecuencia otras cookies. No tenemos control sobre las cookies que se colocan en sus dispositivos por esos servicios o sitios web de terceros. Es posible que<\/p>\n\n\n\n<p>otra declaraci\u00f3n de privacidad se aplique a servicios o sitios web de terceros que visite mientras utiliza nuestra web. Esta Pol\u00edtica de privacidad de El mundo de la astronomia s\u00f3lo se aplica a los datos que se recogen y procesan a trav\u00e9s la web gustavoalejandromercado.fpcei.eu , El mundo de la astronomia no acepta responsabilidad alguna por el tratamiento y \/ o el contenido de los servicios y \/ o sitios web de terceros.<\/p>\n\n\n\n<p>Puede configurar el navegador para que no reciba ninguna cookie la pr\u00f3xima vez que utilice el servicio. Sin embargo, es posible que ya no sea capaz de hacer pleno uso de los sitios web que visita. Para obtener m\u00e1s informaci\u00f3n sobre estas funciones, puede consultar las instrucciones de su navegador o la funci\u00f3n de ayuda de su navegador.<\/p>\n\n\n\n<ul class=\"wp-block-list\">\n<li>\u00bfSe puede cambiar esta Pol\u00edtica de Privacidad?<\/li>\n<\/ul>\n\n\n\n<p>Es posible que esta Pol\u00edtica de Privacidad sea modificada en el futuro. Cuanto esto ocurra nos pondremos en contacto con usted, para comunicarle cualquier cambio en estas cl\u00e1usulas, mediante utilizando el email que usted uso para darse de alta en el servicio.<\/p>\n\n\n\n<ul class=\"wp-block-list\">\n<li>\u00bfPreguntas?<\/li>\n<\/ul>\n\n\n\n<p>Si tiene alguna pregunta sobre esta Declaraci\u00f3n de Privacidad, no dude en ponerse en&nbsp; contacto con nosotros a trav\u00e9s de Elmundodelaastronomia@gmail.com<\/p>\n\n\n\n<div class=\"wp-block-buttons is-layout-flex wp-block-buttons-is-layout-flex\">\n<div class=\"wp-block-button\"><a class=\"wp-block-button__link wp-element-button\" href=\"https:\/\/gustavoalejandromercado.fpcei.eu\/?page_id=137\">Derechos del Usuario<\/a><\/div>\n<\/div>\n\n\n\n<p><\/p>\n","protected":false},"excerpt":{"rendered":"<p>En esta web, cuando use el formulario de contacto o se registre para comprar en nuestra tienda electr\u00f3nica recopilaremos datos [&hellip;]<\/p>\n","protected":false},"author":2,"featured_media":0,"parent":0,"menu_order":0,"comment_status":"closed","ping_status":"closed","template":"","meta":{"_uag_custom_page_level_css":"","site-sidebar-layout":"default","site-content-layout":"","ast-site-content-layout":"default","site-content-style":"default","site-sidebar-style":"default","ast-global-header-display":"","ast-banner-title-visibility":"","ast-main-header-display":"","ast-hfb-above-header-display":"","ast-hfb-below-header-display":"","ast-hfb-mobile-header-display":"","site-post-title":"","ast-breadcrumbs-content":"","ast-featured-img":"","footer-sml-layout":"","theme-transparent-header-meta":"","adv-header-id-meta":"","stick-header-meta":"","header-above-stick-meta":"","header-main-stick-meta":"","header-below-stick-meta":"","astra-migrate-meta-layouts":"default","ast-page-background-enabled":"default","ast-page-background-meta":{"desktop":{"background-color":"var(--ast-global-color-5)","background-image":"","background-repeat":"repeat","background-position":"center center","background-size":"auto","background-attachment":"scroll","background-type":"","background-media":"","overlay-type":"","overlay-color":"","overlay-opacity":"","overlay-gradient":""},"tablet":{"background-color":"","background-image":"","background-repeat":"repeat","background-position":"center center","background-size":"auto","background-attachment":"scroll","background-type":"","background-media":"","overlay-type":"","overlay-color":"","overlay-opacity":"","overlay-gradient":""},"mobile":{"background-color":"","background-image":"","background-repeat":"repeat","background-position":"center center","background-size":"auto","background-attachment":"scroll","background-type":"","background-media":"","overlay-type":"","overlay-color":"","overlay-opacity":"","overlay-gradient":""}},"ast-content-background-meta":{"desktop":{"background-color":"var(--ast-global-color-4)","background-image":"","background-repeat":"repeat","background-position":"center center","background-size":"auto","background-attachment":"scroll","background-type":"","background-media":"","overlay-type":"","overlay-color":"","overlay-opacity":"","overlay-gradient":""},"tablet":{"background-color":"var(--ast-global-color-4)","background-image":"","background-repeat":"repeat","background-position":"center center","background-size":"auto","background-attachment":"scroll","background-type":"","background-media":"","overlay-type":"","overlay-color":"","overlay-opacity":"","overlay-gradient":""},"mobile":{"background-color":"var(--ast-global-color-4)","background-image":"","background-repeat":"repeat","background-position":"center center","background-size":"auto","background-attachment":"scroll","background-type":"","background-media":"","overlay-type":"","overlay-color":"","overlay-opacity":"","overlay-gradient":""}},"footnotes":""},"class_list":["post-131","page","type-page","status-publish","hentry"],"uagb_featured_image_src":{"full":false,"thumbnail":false,"medium":false,"medium_large":false,"large":false,"1536x1536":false,"2048x2048":false},"uagb_author_info":{"display_name":"Gustavo Alejandro Mercado Molina","author_link":"https:\/\/gustavoalejandromercado.fpcei.eu\/?author=2"},"uagb_comment_info":0,"uagb_excerpt":"En esta web, cuando use el formulario de contacto o se registre para comprar en nuestra tienda electr\u00f3nica recopilaremos datos [&hellip;]","_links":{"self":[{"href":"https:\/\/gustavoalejandromercado.fpcei.eu\/index.php?rest_route=\/wp\/v2\/pages\/131","targetHints":{"allow":["GET"]}}],"collection":[{"href":"https:\/\/gustavoalejandromercado.fpcei.eu\/index.php?rest_route=\/wp\/v2\/pages"}],"about":[{"href":"https:\/\/gustavoalejandromercado.fpcei.eu\/index.php?rest_route=\/wp\/v2\/types\/page"}],"author":[{"embeddable":true,"href":"https:\/\/gustavoalejandromercado.fpcei.eu\/index.php?rest_route=\/wp\/v2\/users\/2"}],"replies":[{"embeddable":true,"href":"https:\/\/gustavoalejandromercado.fpcei.eu\/index.php?rest_route=%2Fwp%2Fv2%2Fcomments&post=131"}],"version-history":[{"count":5,"href":"https:\/\/gustavoalejandromercado.fpcei.eu\/index.php?rest_route=\/wp\/v2\/pages\/131\/revisions"}],"predecessor-version":[{"id":149,"href":"https:\/\/gustavoalejandromercado.fpcei.eu\/index.php?rest_route=\/wp\/v2\/pages\/131\/revisions\/149"}],"wp:attachment":[{"href":"https:\/\/gustavoalejandromercado.fpcei.eu\/index.php?rest_route=%2Fwp%2Fv2%2Fmedia&parent=131"}],"curies":[{"name":"wp","href":"https:\/\/api.w.org\/{rel}","templated":true}]}}