{"id":128,"date":"2026-03-09T17:29:52","date_gmt":"2026-03-09T17:29:52","guid":{"rendered":"https:\/\/gustavoalejandromercado.fpcei.eu\/?page_id=128"},"modified":"2026-03-09T17:29:52","modified_gmt":"2026-03-09T17:29:52","slug":"politica-de-cookies","status":"publish","type":"page","link":"https:\/\/gustavoalejandromercado.fpcei.eu\/?page_id=128","title":{"rendered":"Pol\u00edtica de Cookies"},"content":{"rendered":"\n<p><\/p>\n\n\n\n<p>La presente pol\u00edtica de cookies tiene por finalidad informarle de manera clara y precisa sobre las cookies que se utilizan en la p\u00e1gina web &lt;&lt;gustavoalejandromercado.fpcei.eu>> .<\/p>\n\n\n\n<p>\u00bfQu\u00e9 son las cookies?<\/p>\n\n\n\n<p>Una cookie es un peque\u00f1o fragmento de texto que los sitios web que visita env\u00edan al&nbsp; navegador y que permite que el sitio web recuerde informaci\u00f3n sobre su visita, como su idioma preferido y otras opciones, con el fin de facilitar su pr\u00f3xima visita y hacer que el sitio le resulte m\u00e1s \u00fatil. Las cookies desempe\u00f1an un papel muy importante y contribuyen a tener una mejor experiencia de navegaci\u00f3n para el usuario.<\/p>\n\n\n\n<p>Tipos de cookies<\/p>\n\n\n\n<p>Seg\u00fan qui\u00e9n sea la entidad que gestione el dominio desde d\u00f3nde se env\u00edan las cookies y se traten los datos que se obtengan, se pueden distinguir dos tipos: cookies propias y cookies de terceros.<\/p>\n\n\n\n<p>Existe tambi\u00e9n una segunda clasificaci\u00f3n seg\u00fan el plazo de tiempo que permanecen almacenadas en el navegador del cliente, pudiendo tratarse de cookies de sesi\u00f3n o cookies persistentes.<\/p>\n\n\n\n<p>Por \u00faltimo, existe otra clasificaci\u00f3n con cinco tipos de cookies seg\u00fan la finalidad para la que se traten los datos obtenidos: cookies t\u00e9cnicas, cookies de personalizaci\u00f3n, cookies de an\u00e1lisis, cookies publicitarias y cookies de publicidad comportamental.<\/p>\n\n\n\n<p>Para m\u00e1s informaci\u00f3n a este respecto puede consultar la Gu\u00eda sobre el uso de las cookies de\u00a0 la Agencia Espa\u00f1ola de Protecci\u00f3n de Datos.<\/p>\n\n\n\n<p><strong>Cookies utilizadas en la web<\/strong><\/p>\n\n\n\n<p>A continuaci\u00f3n se identifican las cookies que est\u00e1n siendo utilizadas en este portal as\u00ed como su tipolog\u00eda y funci\u00f3n:<\/p>\n\n\n\n<p>La p\u00e1gina web &lt;&lt;gustavoalejandromercado.fpcei.eu>> utiliza Google Analytics, un servicio de anal\u00edtica web desarrollada por Google, que permite la medici\u00f3n y an\u00e1lisis de la navegaci\u00f3n en las p\u00e1ginas web. En su navegador podr\u00e1 observar cookies de este servicio. Seg\u00fan la tipolog\u00eda anterior se trata de cookies propias, de sesi\u00f3n y de an\u00e1lisis.<\/p>\n\n\n\n<p>A trav\u00e9s de la anal\u00edtica web se obtiene informaci\u00f3n relativa al n\u00famero de usuarios que acceden a la web, el n\u00famero de p\u00e1ginas vistas, la frecuencia y repetici\u00f3n de las visitas, su duraci\u00f3n, el navegador utilizado, el operador que presta el servicio, el idioma, el terminal que utiliza y la ciudad a la que est\u00e1 asignada su direcci\u00f3n IP. Informaci\u00f3n que posibilita un mejor y m\u00e1s apropiado servicio por parte de este portal.<\/p>\n\n\n\n<p>Para garantizar el anonimato, Google convertir\u00e1 su informaci\u00f3n en an\u00f3nima truncando la direcci\u00f3n IP antes de almacenarla, de forma que Google Analytics no se usa para localizar o recabar informaci\u00f3n personal identificable de los visitantes del sitio. Google solo podr\u00e1 enviar la informaci\u00f3n recabada por Google Analytics a terceros cuanto est\u00e9 legalmente obligado a ello. Con arreglo a las condiciones de prestaci\u00f3n del servicio de Google Analytics, Google no asociar\u00e1 su direcci\u00f3n IP a ning\u00fan otro dato conservado por Google.<\/p>\n\n\n\n<p>Por \u00faltimo, se descarga una cookie denominada show_cookies, propia, de tipo t\u00e9cnico y de sesi\u00f3n. Gestiona el consentimiento del usuario para el uso de las cookies en la p\u00e1gina web,&nbsp; con el objeto de recordar aquellos usuarios que las han aceptado y aquellos que no, de modo que a los primeros no se les muestre informaci\u00f3n en la parte superior de la p\u00e1gina al respecto.<\/p>\n\n\n\n<p>Aceptaci\u00f3n de la pol\u00edtica de cookies<\/p>\n\n\n\n<p>Pulsando el bot\u00f3n ACEPTO se asume que usted acepta el uso de cookies.<\/p>\n\n\n\n<p>Permitirlas o bloquearlas en su navegador<\/p>\n\n\n\n<p>Estos son los procedimientos para permitirlas o no en los principales navegadores:<\/p>\n\n\n\n<p><strong>Chrome<\/strong><\/p>\n\n\n\n<ol class=\"wp-block-list\">\n<li>Haz clic en el <strong>icono de llave <\/strong>en la parte superior derecha de tu navegador.<\/li>\n\n\n\n<li>Selecciona <strong>Opciones <\/strong>(para Mac, selecciona <strong>Preferencias<\/strong>).<\/li>\n\n\n\n<li>Haz clic en la pesta\u00f1a <strong>Avanzadas <\/strong>(<strong>Under the Hood<\/strong>).<\/li>\n\n\n\n<li>Pulsa en <strong>Configuraci\u00f3n de Contenido<\/strong>.<\/li>\n\n\n\n<li>Haz clic en <strong>Cookies<\/strong>.<\/li>\n\n\n\n<li>Haz clic en <strong>Permitir datos locales para establecer (recomendado)<\/strong>.<\/li>\n<\/ol>\n\n\n\n<p><strong>Internet Explorer 7+<\/strong><\/p>\n\n\n\n<ol class=\"wp-block-list\">\n<li>\u00a0\u00a0\u00a0\u00a0\u00a0 Ve\u00a0\u00a0\u00a0 a\u00a0\u00a0\u00a0 la\u00a0\u00a0\u00a0 parte\u00a0\u00a0\u00a0 superior\u00a0\u00a0\u00a0\u00a0 de\u00a0\u00a0\u00a0 la\u00a0\u00a0\u00a0 ventana\u00a0\u00a0\u00a0 del\u00a0\u00a0\u00a0 navegador\u00a0\u00a0 y selecciona <strong>Herramientas<\/strong>.<\/li>\n\n\n\n<li>Haz clic en <strong>Opciones de Internet<\/strong><\/li>\n\n\n\n<li>Haz clic en la pesta\u00f1a <strong>Privacidad <\/strong>y, luego selecciona Opciones <strong>Avanzadas<\/strong>.<\/li>\n\n\n\n<li>\u00a0\u00a0\u00a0\u00a0\u00a0 Marca <strong>Cancelar el manejo autom\u00e1tico de cookies <\/strong>(si ya est\u00e1 marcado, contin\u00faa con el paso siguiente).<\/li>\n\n\n\n<li>Primero ajusta las cookies de terceros para que sean <strong>aceptadas.<\/strong><\/li>\n\n\n\n<li>Marca <strong>Permitir siempre cookies <\/strong>y haz clic en <strong>Aceptar<\/strong><\/li>\n<\/ol>\n\n\n\n<p>Mozilla Firefox<\/p>\n\n\n\n<ol class=\"wp-block-list\">\n<li>Haz clic en <strong>Herramientas <\/strong>y luego <strong>Opciones<\/strong>.<\/li>\n\n\n\n<li>En la parte superior de la ventana, selecciona <strong>Privacidad<\/strong>.<\/li>\n\n\n\n<li>\u00a0\u00a0\u00a0\u00a0\u00a0 Marca las opciones <strong>Aceptar cookies de sitios <\/strong>y <strong>aceptar cookies de terceros <\/strong>y haz clic en <strong>Aceptar<\/strong>.<\/li>\n<\/ol>\n\n\n\n<p>Safari<\/p>\n\n\n\n<ol class=\"wp-block-list\">\n<li>En el men\u00fa de Safari, haz clic en <strong>Preferencias<\/strong>.<\/li>\n\n\n\n<li>Haz clic en <strong>Seguridad<\/strong>.<\/li>\n\n\n\n<li>\u00a0\u00a0\u00a0\u00a0\u00a0 En la secci\u00f3n de <strong>Aceptar cookies<\/strong>, selecciona ya sea <strong>Siempre <\/strong>o <strong>S\u00f3lo de los sitios por los que navegas<\/strong>.<\/li>\n<\/ol>\n","protected":false},"excerpt":{"rendered":"<p>La presente pol\u00edtica de cookies tiene por finalidad informarle de manera clara y precisa sobre las cookies que se utilizan [&hellip;]<\/p>\n","protected":false},"author":2,"featured_media":0,"parent":0,"menu_order":0,"comment_status":"closed","ping_status":"closed","template":"","meta":{"_uag_custom_page_level_css":"","site-sidebar-layout":"default","site-content-layout":"","ast-site-content-layout":"default","site-content-style":"default","site-sidebar-style":"default","ast-global-header-display":"","ast-banner-title-visibility":"","ast-main-header-display":"","ast-hfb-above-header-display":"","ast-hfb-below-header-display":"","ast-hfb-mobile-header-display":"","site-post-title":"","ast-breadcrumbs-content":"","ast-featured-img":"","footer-sml-layout":"","theme-transparent-header-meta":"","adv-header-id-meta":"","stick-header-meta":"","header-above-stick-meta":"","header-main-stick-meta":"","header-below-stick-meta":"","astra-migrate-meta-layouts":"default","ast-page-background-enabled":"default","ast-page-background-meta":{"desktop":{"background-color":"var(--ast-global-color-5)","background-image":"","background-repeat":"repeat","background-position":"center center","background-size":"auto","background-attachment":"scroll","background-type":"","background-media":"","overlay-type":"","overlay-color":"","overlay-opacity":"","overlay-gradient":""},"tablet":{"background-color":"","background-image":"","background-repeat":"repeat","background-position":"center center","background-size":"auto","background-attachment":"scroll","background-type":"","background-media":"","overlay-type":"","overlay-color":"","overlay-opacity":"","overlay-gradient":""},"mobile":{"background-color":"","background-image":"","background-repeat":"repeat","background-position":"center center","background-size":"auto","background-attachment":"scroll","background-type":"","background-media":"","overlay-type":"","overlay-color":"","overlay-opacity":"","overlay-gradient":""}},"ast-content-background-meta":{"desktop":{"background-color":"var(--ast-global-color-4)","background-image":"","background-repeat":"repeat","background-position":"center center","background-size":"auto","background-attachment":"scroll","background-type":"","background-media":"","overlay-type":"","overlay-color":"","overlay-opacity":"","overlay-gradient":""},"tablet":{"background-color":"var(--ast-global-color-4)","background-image":"","background-repeat":"repeat","background-position":"center center","background-size":"auto","background-attachment":"scroll","background-type":"","background-media":"","overlay-type":"","overlay-color":"","overlay-opacity":"","overlay-gradient":""},"mobile":{"background-color":"var(--ast-global-color-4)","background-image":"","background-repeat":"repeat","background-position":"center center","background-size":"auto","background-attachment":"scroll","background-type":"","background-media":"","overlay-type":"","overlay-color":"","overlay-opacity":"","overlay-gradient":""}},"footnotes":""},"class_list":["post-128","page","type-page","status-publish","hentry"],"uagb_featured_image_src":{"full":false,"thumbnail":false,"medium":false,"medium_large":false,"large":false,"1536x1536":false,"2048x2048":false},"uagb_author_info":{"display_name":"Gustavo Alejandro Mercado Molina","author_link":"https:\/\/gustavoalejandromercado.fpcei.eu\/?author=2"},"uagb_comment_info":0,"uagb_excerpt":"La presente pol\u00edtica de cookies tiene por finalidad informarle de manera clara y precisa sobre las cookies que se utilizan [&hellip;]","_links":{"self":[{"href":"https:\/\/gustavoalejandromercado.fpcei.eu\/index.php?rest_route=\/wp\/v2\/pages\/128","targetHints":{"allow":["GET"]}}],"collection":[{"href":"https:\/\/gustavoalejandromercado.fpcei.eu\/index.php?rest_route=\/wp\/v2\/pages"}],"about":[{"href":"https:\/\/gustavoalejandromercado.fpcei.eu\/index.php?rest_route=\/wp\/v2\/types\/page"}],"author":[{"embeddable":true,"href":"https:\/\/gustavoalejandromercado.fpcei.eu\/index.php?rest_route=\/wp\/v2\/users\/2"}],"replies":[{"embeddable":true,"href":"https:\/\/gustavoalejandromercado.fpcei.eu\/index.php?rest_route=%2Fwp%2Fv2%2Fcomments&post=128"}],"version-history":[{"count":2,"href":"https:\/\/gustavoalejandromercado.fpcei.eu\/index.php?rest_route=\/wp\/v2\/pages\/128\/revisions"}],"predecessor-version":[{"id":150,"href":"https:\/\/gustavoalejandromercado.fpcei.eu\/index.php?rest_route=\/wp\/v2\/pages\/128\/revisions\/150"}],"wp:attachment":[{"href":"https:\/\/gustavoalejandromercado.fpcei.eu\/index.php?rest_route=%2Fwp%2Fv2%2Fmedia&parent=128"}],"curies":[{"name":"wp","href":"https:\/\/api.w.org\/{rel}","templated":true}]}}